{"id":793,"date":"2024-04-03T14:34:08","date_gmt":"2024-04-03T12:34:08","guid":{"rendered":"https:\/\/online-deutsch.at\/tour-guiding\/"},"modified":"2025-02-24T20:26:39","modified_gmt":"2025-02-24T19:26:39","slug":"tour-guiding","status":"publish","type":"page","link":"https:\/\/online-deutsch.at\/en\/tour-guiding\/","title":{"rendered":"Tour Guiding"},"content":{"rendered":"<p>[et_pb_section fb_built=&#8221;1&#8243; custom_padding_last_edited=&#8221;on|phone&#8221; _builder_version=&#8221;4.27.4&#8243; _module_preset=&#8221;default&#8221; background_image=&#8221;https:\/\/online-deutsch.at\/wp-content\/uploads\/2025\/02\/stadler-andrea-reiseleiterin-reiseleitung-deutsch-sprache-inland-ausland-reisebuero.jpg&#8221; custom_padding=&#8221;114px||114px||true|false&#8221; custom_padding_tablet=&#8221;70px||70px||true|false&#8221; custom_padding_phone=&#8221;50px||30px||false|false&#8221; background_last_edited=&#8221;on|phone&#8221; use_background_color_gradient_phone=&#8221;on&#8221; background_color_gradient_stops_phone=&#8221;rgba(255,255,255,0.49) 1%|rgba(255,255,255,0.49) 99%&#8221; background_color_gradient_overlays_image_phone=&#8221;on&#8221; parallax_tablet=&#8221;off&#8221; background_position_tablet=&#8221;top_right&#8221; background_position_phone=&#8221;top_right&#8221; border_width_right=&#8221;2vw&#8221; border_color_right=&#8221;#FFFFFF&#8221; border_width_left=&#8221;2vw&#8221; border_color_left=&#8221;#FFFFFF&#8221; locked=&#8221;off&#8221; global_colors_info=&#8221;{}&#8221;][et_pb_row column_structure=&#8221;2_3,1_3&#8243; custom_padding_last_edited=&#8221;on|tablet&#8221; _builder_version=&#8221;4.24.2&#8243; _module_preset=&#8221;default&#8221; width_tablet=&#8221;90%&#8221; width_phone=&#8221;90%&#8221; width_last_edited=&#8221;on|tablet&#8221; max_width_tablet=&#8221;90%&#8221; max_width_phone=&#8221;90%&#8221; max_width_last_edited=&#8221;on|tablet&#8221; custom_padding_tablet=&#8221;||0px||false|false&#8221; custom_padding_phone=&#8221;||0px||false|false&#8221; global_colors_info=&#8221;{}&#8221; custom_css_main_element_last_edited=&#8221;on|tablet&#8221; custom_css_main_element_tablet=&#8221;display:flex;&#8221; custom_css_main_element_phone=&#8221;display:block;&#8221;][et_pb_column type=&#8221;2_3&#8243; _builder_version=&#8221;4.24.2&#8243; _module_preset=&#8221;default&#8221; global_colors_info=&#8221;{}&#8221;][et_pb_text _builder_version=&#8221;4.27.4&#8243; _module_preset=&#8221;default&#8221; header_font_size=&#8221;55px&#8221; custom_margin=&#8221;||21px|||&#8221; header_text_align_tablet=&#8221;&#8221; header_text_align_phone=&#8221;center&#8221; header_text_align_last_edited=&#8221;on|phone&#8221; header_font_size_tablet=&#8221;36px&#8221; header_font_size_phone=&#8221;35px&#8221; header_font_size_last_edited=&#8221;on|tablet&#8221; global_colors_info=&#8221;{}&#8221;]<\/p>\n<h1><strong>Tour Guiding<\/strong><\/h1>\n<p>[\/et_pb_text][\/et_pb_column][et_pb_column type=&#8221;1_3&#8243; _builder_version=&#8221;4.24.2&#8243; _module_preset=&#8221;default&#8221; global_colors_info=&#8221;{}&#8221;][\/et_pb_column][\/et_pb_row][\/et_pb_section][et_pb_section fb_built=&#8221;1&#8243; _builder_version=&#8221;4.27.4&#8243; _module_preset=&#8221;default&#8221; background_enable_color=&#8221;off&#8221; background_image=&#8221;https:\/\/online-deutsch.at\/wp-content\/uploads\/2025\/02\/stadler-andrea-reiseleiterin-reiseleitung-deutsch-sprache-inland-ausland-reisebuero-2.jpg&#8221; background_last_edited=&#8221;on|tablet&#8221; background_position_tablet=&#8221;center_left&#8221; border_width_top=&#8221;4vw&#8221; border_color_top=&#8221;#FFFFFF&#8221; border_color_right=&#8221;#FFFFFF&#8221; border_width_left=&#8221;2vw&#8221; border_color_left=&#8221;#FFFFFF&#8221; border_width_right_tablet=&#8221;2vw&#8221; border_width_right_phone=&#8221;2vw&#8221; border_width_right_last_edited=&#8221;on|phone&#8221; locked=&#8221;off&#8221; global_colors_info=&#8221;{}&#8221;][et_pb_row column_structure=&#8221;1_2,1_2&#8243; make_equal=&#8221;on&#8221; _builder_version=&#8221;4.24.2&#8243; _module_preset=&#8221;default&#8221; custom_css_main_element=&#8221;align-items: center;||&#8221; global_colors_info=&#8221;{}&#8221;][et_pb_column type=&#8221;1_2&#8243; _builder_version=&#8221;4.24.2&#8243; _module_preset=&#8221;default&#8221; global_colors_info=&#8221;{}&#8221;][et_pb_text _builder_version=&#8221;4.27.4&#8243; _module_preset=&#8221;default&#8221; header_2_text_align=&#8221;left&#8221; header_2_font_size=&#8221;40px&#8221; text_orientation=&#8221;justified&#8221; header_2_text_align_tablet=&#8221;left&#8221; header_2_text_align_phone=&#8221;left&#8221; header_2_text_align_last_edited=&#8221;on|tablet&#8221; header_2_font_size_tablet=&#8221;40px&#8221; header_2_font_size_phone=&#8221;30px&#8221; header_2_font_size_last_edited=&#8221;on|phone&#8221; header_3_text_align_tablet=&#8221;left&#8221; header_3_text_align_phone=&#8221;left&#8221; header_3_text_align_last_edited=&#8221;on|tablet&#8221; global_colors_info=&#8221;{}&#8221;]<\/p>\n<h2><strong>My passion and hobby is tour guiding,<\/strong><\/h2>\n<h3>most often in German.<\/h3>\n<p>Since 2007 I guide tours mostly in the southern regions of Hungary: in the 4. biggest city of Hungary, P\u00e9cs; in my hometown, Kalocsa and in its surroundings; in the wine region of Szeksz\u00e1rd and Haj\u00f3s.<\/p>\n<p>I guided tours in Austria and in Croatia for Hungarian groups as well. Tour guiding is a very special passion for me: time stops, I concentrate only on my guests. I want to guide them by doing my best, giving them the best experience. My mission is to show an interesting part of Hungarian history and culture to Hungarian and foreign guests. I want my guests to experience, feel, see, and hear something interesting and unique.<\/p>\n<p>[\/et_pb_text][\/et_pb_column][et_pb_column type=&#8221;1_2&#8243; _builder_version=&#8221;4.24.2&#8243; _module_preset=&#8221;default&#8221; global_colors_info=&#8221;{}&#8221;][et_pb_image src=&#8221;https:\/\/online-deutsch.at\/wp-content\/uploads\/2025\/02\/stadler-andrea-reiseleiterin-reiseleitung-deutsch-sprache.jpg&#8221; alt=&#8221;Andrea Stadler tour guide, tour guide German language, domestic, foreign, travel agency&#8221; title_text=&#8221;stadler-andrea-tour-guide-tour-guide-german-language&#8221; align_tablet=&#8221;center&#8221; align_phone=&#8221;center&#8221; align_last_edited=&#8221;on|tablet&#8221; _builder_version=&#8221;4.27.4&#8243; _module_preset=&#8221;default&#8221; border_radii=&#8221;on|30px|30px|30px|30px&#8221; box_shadow_style=&#8221;preset1&#8243; box_shadow_spread=&#8221;-9px&#8221; box_shadow_color=&#8221;#153356&#8243; global_colors_info=&#8221;{}&#8221;][\/et_pb_image][et_pb_divider disabled_on=&#8221;on|on|off&#8221; _builder_version=&#8221;4.24.2&#8243; _module_preset=&#8221;default&#8221; positioning=&#8221;absolute&#8221; position_origin_a=&#8221;center_left&#8221; vertical_offset=&#8221;30px&#8221; horizontal_offset=&#8221;-65px&#8221; width=&#8221;25%&#8221; global_colors_info=&#8221;{}&#8221;][\/et_pb_divider][\/et_pb_column][\/et_pb_row][\/et_pb_section][et_pb_section fb_built=&#8221;1&#8243; custom_padding_last_edited=&#8221;on|tablet&#8221; _builder_version=&#8221;4.24.2&#8243; _module_preset=&#8221;default&#8221; custom_padding_tablet=&#8221;70px||70px||true|false&#8221; custom_padding_phone=&#8221;60px||60px||true|false&#8221; locked=&#8221;off&#8221; global_colors_info=&#8221;{}&#8221;][et_pb_row _builder_version=&#8221;4.24.2&#8243; _module_preset=&#8221;default&#8221; global_colors_info=&#8221;{}&#8221;][et_pb_column type=&#8221;4_4&#8243; _builder_version=&#8221;4.24.2&#8243; _module_preset=&#8221;default&#8221; global_colors_info=&#8221;{}&#8221;][et_pb_text _builder_version=&#8221;4.27.4&#8243; _module_preset=&#8221;default&#8221; header_2_font_size=&#8221;37px&#8221; header_3_font_size=&#8221;21px&#8221; text_orientation=&#8221;center&#8221; custom_padding=&#8221;30px|30px|30px|30px|true|true&#8221; custom_padding_tablet=&#8221;30px|30px|30px|30px|true|true&#8221; custom_padding_phone=&#8221;15px|15px|15px|15px|true|true&#8221; custom_padding_last_edited=&#8221;on|phone&#8221; header_2_font_size_tablet=&#8221;29px&#8221; header_2_font_size_phone=&#8221;20px&#8221; header_2_font_size_last_edited=&#8221;on|phone&#8221; header_3_font_size_tablet=&#8221;&#8221; header_3_font_size_phone=&#8221;18px&#8221; header_3_font_size_last_edited=&#8221;on|phone&#8221; border_radii=&#8221;on|30px|30px|30px|30px&#8221; border_width_all=&#8221;1px&#8221; border_color_all=&#8221;#153356&#8243; locked=&#8221;off&#8221; global_colors_info=&#8221;{}&#8221;]<\/p>\n<h3>I usually work with Hungarian travel agencies with a contract of engagement.<\/h3>\n<h2><strong>The price of this service is based on a customized quotation, depending on the program of the tour.<\/strong><\/h2>\n<p>[\/et_pb_text][\/et_pb_column][\/et_pb_row][\/et_pb_section]<\/p>\n","protected":false},"excerpt":{"rendered":"<p>Tour GuidingMy passion and hobby is tour guiding, most often in German. Since 2007 I guide tours mostly in the southern regions of Hungary: in the 4. biggest city of Hungary, P\u00e9cs; in my hometown, Kalocsa and in its surroundings; in the wine region of Szeksz\u00e1rd and Haj\u00f3s. I guided tours in Austria and in Croatia for Hungarian groups as well. Tour guiding is a very special passion for me: time stops, I concentrate only on my guests. I want to guide them by doing my best, giving them the best experience. My mission is to show an interesting part of Hungarian history and culture to Hungarian and foreign guests. I want my guests to experience, feel, see, and hear something interesting and unique.I usually work with Hungarian travel agencies with a contract of engagement. The price of this service is based on a customized quotation, depending on the program of the tour.<\/p>\n","protected":false},"author":1,"featured_media":748,"parent":0,"menu_order":0,"comment_status":"closed","ping_status":"closed","template":"","meta":{"_seopress_robots_primary_cat":"","_seopress_titles_title":"Tour Guiding in German | Andrea Stadler","_seopress_titles_desc":"\u201cExperience something interesting and enjoyable with a happy heart\u201d could be my motto as a tour guide.","_seopress_robots_index":"","_seopress_analysis_target_kw":"","_et_pb_use_builder":"on","_et_pb_old_content":"","_et_gb_content_width":"","footnotes":""},"class_list":["post-793","page","type-page","status-publish","has-post-thumbnail","hentry"],"_links":{"self":[{"href":"https:\/\/online-deutsch.at\/en\/wp-json\/wp\/v2\/pages\/793","targetHints":{"allow":["GET"]}}],"collection":[{"href":"https:\/\/online-deutsch.at\/en\/wp-json\/wp\/v2\/pages"}],"about":[{"href":"https:\/\/online-deutsch.at\/en\/wp-json\/wp\/v2\/types\/page"}],"author":[{"embeddable":true,"href":"https:\/\/online-deutsch.at\/en\/wp-json\/wp\/v2\/users\/1"}],"replies":[{"embeddable":true,"href":"https:\/\/online-deutsch.at\/en\/wp-json\/wp\/v2\/comments?post=793"}],"version-history":[{"count":2,"href":"https:\/\/online-deutsch.at\/en\/wp-json\/wp\/v2\/pages\/793\/revisions"}],"predecessor-version":[{"id":795,"href":"https:\/\/online-deutsch.at\/en\/wp-json\/wp\/v2\/pages\/793\/revisions\/795"}],"wp:featuredmedia":[{"embeddable":true,"href":"https:\/\/online-deutsch.at\/en\/wp-json\/wp\/v2\/media\/748"}],"wp:attachment":[{"href":"https:\/\/online-deutsch.at\/en\/wp-json\/wp\/v2\/media?parent=793"}],"curies":[{"name":"wp","href":"https:\/\/api.w.org\/{rel}","templated":true}]}}